{"id":486,"date":"2019-11-15T17:17:11","date_gmt":"2019-11-15T10:17:11","guid":{"rendered":"http:\/\/localhost\/w1\/?post_type=product&#038;p=486"},"modified":"2019-12-06T11:34:53","modified_gmt":"2019-12-06T04:34:53","slug":"plugin-ban-quyen-ithemes-all-in-one-bundle","status":"publish","type":"product","link":"https:\/\/sieuthi.mauwebwp.com\/sieuthi010\/san-pham\/plugin-ban-quyen-ithemes-all-in-one-bundle\/","title":{"rendered":"Plugin b\u1ea3n quy\u1ec1n iThemes All-in-one Bundle"},"content":{"rendered":"<p>Sao l\u01b0u d\u1eef li\u1ec7u l\u00e0 m\u1ed9t c\u00f4ng vi\u1ec7c kh\u00f4ng th\u1ec3 thi\u1ebfu c\u1ee7a b\u1ea5t k\u1ef3 website n\u00e0o. Nh\u01b0ng WordPress kh\u00f4ng h\u1ec1 c\u00f3 b\u1ea5t k\u1ef3 t\u00ednh n\u0103ng n\u00e0o \u0111\u1ec3 th\u1ef1c hi\u1ec7n c\u00f4ng vi\u1ec7c n\u00e0y. Ch\u00ednh v\u00ec th\u1ebf BackupBuddy ch\u00ednh l\u00e0 c\u00f4ng c\u1ee5 ho\u00e0n h\u1ea3o cho c\u00f4ng vi\u1ec7c n\u00e0y. Ch\u1ec9 v\u1edbi v\u00e0i c\u00fa click chu\u1ed9t, BackupBuddy s\u1ebd sao l\u01b0u to\u00e0n b\u1ed9 website WordPress, \u0111\u1ea3m b\u1ea3o r\u1eb1ng th\u00f4ng tin c\u1ee7a b\u1ea1n s\u1ebd \u0111\u01b0\u1ee3c l\u01b0u tr\u1eef ho\u00e0n to\u00e0n tr\u1ecdn v\u1eb9n.<\/p>\n<p>iThemes Security Pro nh\u1eadn tr\u1ecdng tr\u00e1ch b\u1ea3o v\u1ec7 website WordPress c\u1ee7a b\u1ea1n an to\u00e0n. B\u1ea1n kh\u00f4ng nh\u1ea5t thi\u1ebft ph\u1ea3i tr\u1edf th\u00e0nh m\u1ed9t chuy\u00ean gia b\u1ea3o m\u1eadt \u0111\u1ec3 s\u1eed d\u1ee5ng plugin b\u1ea3o v\u1ec7 n\u00e0y, n\u00ean iThemes Security Pro \u0111\u00e3 l\u00e0m c\u00f4ng vi\u1ec7c n\u00e0y tr\u1edf n\u00ean an to\u00e0n h\u01a1n v\u00e0 b\u1ea3o v\u1ec7 website m\u1ed9t c\u00e1ch to\u00e0n di\u1ec7n.<\/p>\n<p>b\u1ea1n b\u1ea5m v\u00e0o t\u1eebng c\u00e1i \u0111\u1ec3 th\u1ea5y version c\u1ee7a n\u00f3 nh\u00e9. T\u1ea1i m\u00ecnh ch\u01b0a l\u00e0m th\u00eam c\u00e1i version \u1edf b\u00ean bundle n\u00e0y.<\/p>\n","protected":false},"excerpt":{"rendered":"<p>Sao l\u01b0u d\u1eef li\u1ec7u l\u00e0 m\u1ed9t c\u00f4ng vi\u1ec7c kh\u00f4ng th\u1ec3 thi\u1ebfu c\u1ee7a b\u1ea5t k\u1ef3 website n\u00e0o. Nh\u01b0ng WordPress kh\u00f4ng h\u1ec1 c\u00f3 b\u1ea5t k\u1ef3 t\u00ednh n\u0103ng n\u00e0o \u0111\u1ec3 th\u1ef1c hi\u1ec7n c\u00f4ng vi\u1ec7c n\u00e0y. Ch\u00ednh v\u00ec th\u1ebf BackupBuddy ch\u00ednh l\u00e0 c\u00f4ng c\u1ee5 ho\u00e0n h\u1ea3o cho c\u00f4ng vi\u1ec7c n\u00e0y. Ch\u1ec9 v\u1edbi v\u00e0i c\u00fa click chu\u1ed9t, BackupBuddy s\u1ebd sao &#8230;<\/p>\n","protected":false},"featured_media":903,"comment_status":"open","ping_status":"closed","template":"","meta":[],"product_cat":[19,16],"product_tag":[],"_links":{"self":[{"href":"https:\/\/sieuthi.mauwebwp.com\/sieuthi010\/wp-json\/wp\/v2\/product\/486"}],"collection":[{"href":"https:\/\/sieuthi.mauwebwp.com\/sieuthi010\/wp-json\/wp\/v2\/product"}],"about":[{"href":"https:\/\/sieuthi.mauwebwp.com\/sieuthi010\/wp-json\/wp\/v2\/types\/product"}],"replies":[{"embeddable":true,"href":"https:\/\/sieuthi.mauwebwp.com\/sieuthi010\/wp-json\/wp\/v2\/comments?post=486"}],"wp:featuredmedia":[{"embeddable":true,"href":"https:\/\/sieuthi.mauwebwp.com\/sieuthi010\/wp-json\/wp\/v2\/media\/903"}],"wp:attachment":[{"href":"https:\/\/sieuthi.mauwebwp.com\/sieuthi010\/wp-json\/wp\/v2\/media?parent=486"}],"wp:term":[{"taxonomy":"product_cat","embeddable":true,"href":"https:\/\/sieuthi.mauwebwp.com\/sieuthi010\/wp-json\/wp\/v2\/product_cat?post=486"},{"taxonomy":"product_tag","embeddable":true,"href":"https:\/\/sieuthi.mauwebwp.com\/sieuthi010\/wp-json\/wp\/v2\/product_tag?post=486"}],"curies":[{"name":"wp","href":"https:\/\/api.w.org\/{rel}","templated":true}]}}