{"id":215,"date":"2019-11-15T10:00:18","date_gmt":"2019-11-15T03:00:18","guid":{"rendered":"http:\/\/localhost\/w1\/?post_type=product&#038;p=215"},"modified":"2019-12-06T11:46:43","modified_gmt":"2019-12-06T04:46:43","slug":"dokan-ecommerce-theme","status":"publish","type":"product","link":"https:\/\/sieuthi.mauwebwp.com\/sieuthi010\/san-pham\/dokan-ecommerce-theme\/","title":{"rendered":"Theme wordpress \u0111\u1eb9p: Dokan eCommerce Theme"},"content":{"rendered":"<p>Dokan eCommerce Theme l\u00e0 s\u1ef1 l\u1ef1a ch\u1ecdn tuy\u1ec7t v\u1eddi n\u1ebfu b\u1ea1n \u0111ang t\u00ecm ki\u1ebfm m\u1ed9t theme marketplace h\u1ed7 tr\u1ee3 WooCOmmerce \u0111\u1ec3 x\u00e2y d\u1ef1ng c\u1eeda h\u00e0ng \u0111i\u1ec7n t\u1eed. Dokan tuy \u0111\u01a1n gi\u1ea3n nh\u01b0ng l\u1ea1i r\u1ea5t m\u1ea1nh m\u1ebd, x\u1eed l\u00fd to\u00e0n b\u1ed9 c\u00e1c v\u1ea5n \u0111\u1ec1 k\u0129 thu\u1eadt trong qu\u00e1 tr\u00ecnh x\u00e2y d\u1ef1ng website. V\u00ec v\u1eady ng\u01b0\u1eddi d\u00f9ng kh\u00f4ng c\u1ea7n c\u00f3 qu\u00e1 nhi\u1ec1u ki\u1ebfn th\u1ee9c n\u00e2ng cao v\u1ec1 l\u1eadp tr\u00ecnh website m\u00e0 v\u1eabn c\u00f3 th\u1ec3 s\u1edf h\u1eefu nh\u1eefng website hi\u1ec7n \u0111\u1ea1i, chuy\u00ean nghi\u1ec7p v\u00e0 b\u1eaft m\u1eaft. \u0110\u1ec3 ng\u01b0\u1eddi d\u00f9ng c\u00f3 \u0111\u01b0\u1ee3c tr\u1ea3i nghi\u1ec7m t\u1ed1t nh\u1ea5t, theme h\u1ed7 tr\u1ee3 \u0111a ng\u00f4n ng\u1eef, hi\u1ec3n th\u1ecb tr\u1ee9c quan v\u00e0 \u0111\u01b0\u1ee3c h\u1ed7 tr\u1ee3 b\u1edfi Ajax, thanh sidebar qu\u1ea3n l\u00fd xe h\u00e0ng c\u00f9ng giao di\u1ec7n th\u00e2n thi\u1ec7n, \u0111i k\u00e8m \u0111\u00f3 l\u00e0 s\u1ef1 \u0111a d\u1ea1ng widget, cho ph\u00e9p ng\u01b0\u1eddi d\u00f9ng t\u00f9y \u00fd x\u00e2y d\u1ef1ng website c\u1ee7a m\u00ecnh..<\/p>\n<p><a class=\"photolightbox\" title=\"Theme wordpress \u0111\u1eb9p: Dokan eCommerce Theme\" href=\"http:\/\/localhost\/w1\/wp-content\/uploads\/2019\/11\/theme-wordpress-dep-dokan-ecommerce-theme-215-9027.png\"><img class=\"aligncenter\" src=\"http:\/\/localhost\/w1\/wp-content\/uploads\/2019\/11\/theme-wordpress-dep-dokan-ecommerce-theme-215-9027.png\" alt=\"Theme wordpress \u0111\u1eb9p: Dokan eCommerce Theme\" \/><\/a><\/p>\n<p>C\u00e1c t\u00ednh n\u0103ng n\u1ed5i b\u1eadt g\u1ed3m c\u00f3:<\/p>\n<ul>\n<li>T\u01b0\u01a1ng th\u00edch v\u1edbi WooCommerce<\/li>\n<li>Ch\u1ec9nh s\u1eeda giao di\u1ec7n d\u1ec5 d\u00e0ng<\/li>\n<li>H\u1ed7 tr\u1ee3 \u0111a ng\u00f4n ng\u1eef<\/li>\n<li>Ajax Live Search<\/li>\n<li>\u0110\u1ed9 t\u00f9y bi\u1ebfn cao<\/li>\n<li>H\u1ec7 th\u1ed1ng Widget m\u1ea1nh m\u1ebd<\/li>\n<li>H\u1ed7 tr\u1ee3 RTL<\/li>\n<li>Qu\u1ea3n l\u00fd gi\u1ecf h\u00e0ng &amp; sidebar d\u1ec5 d\u00e0ng<\/li>\n<li>H\u1ed7 tr\u1ee3 mega menu<\/li>\n<li>Ch\u1ec9nh s\u1eeda m\u00e0u s\u1eafc \u0111\u01a1n gi\u1ea3n<\/li>\n<li>H\u1ed7 tr\u1ee3 Font Awesome<\/li>\n<li>Built-in slider<\/li>\n<li>T\u00edch h\u1ee3p s\u1eb5n s\u00e0ng Google Maps<\/li>\n<li>Thi\u1ebft k\u1ebf Responsive<\/li>\n<\/ul>\n","protected":false},"excerpt":{"rendered":"<p>Dokan eCommerce Theme l\u00e0 s\u1ef1 l\u1ef1a ch\u1ecdn tuy\u1ec7t v\u1eddi n\u1ebfu b\u1ea1n \u0111ang t\u00ecm ki\u1ebfm m\u1ed9t theme marketplace h\u1ed7 tr\u1ee3 WooCOmmerce \u0111\u1ec3 x\u00e2y d\u1ef1ng c\u1eeda h\u00e0ng \u0111i\u1ec7n t\u1eed. Dokan tuy \u0111\u01a1n gi\u1ea3n nh\u01b0ng l\u1ea1i r\u1ea5t m\u1ea1nh m\u1ebd, x\u1eed l\u00fd to\u00e0n b\u1ed9 c\u00e1c v\u1ea5n \u0111\u1ec1 k\u0129 thu\u1eadt trong qu\u00e1 tr\u00ecnh x\u00e2y d\u1ef1ng website. V\u00ec v\u1eady ng\u01b0\u1eddi d\u00f9ng &#8230;<\/p>\n","protected":false},"featured_media":910,"comment_status":"open","ping_status":"closed","template":"","meta":[],"product_cat":[17],"product_tag":[],"_links":{"self":[{"href":"https:\/\/sieuthi.mauwebwp.com\/sieuthi010\/wp-json\/wp\/v2\/product\/215"}],"collection":[{"href":"https:\/\/sieuthi.mauwebwp.com\/sieuthi010\/wp-json\/wp\/v2\/product"}],"about":[{"href":"https:\/\/sieuthi.mauwebwp.com\/sieuthi010\/wp-json\/wp\/v2\/types\/product"}],"replies":[{"embeddable":true,"href":"https:\/\/sieuthi.mauwebwp.com\/sieuthi010\/wp-json\/wp\/v2\/comments?post=215"}],"wp:featuredmedia":[{"embeddable":true,"href":"https:\/\/sieuthi.mauwebwp.com\/sieuthi010\/wp-json\/wp\/v2\/media\/910"}],"wp:attachment":[{"href":"https:\/\/sieuthi.mauwebwp.com\/sieuthi010\/wp-json\/wp\/v2\/media?parent=215"}],"wp:term":[{"taxonomy":"product_cat","embeddable":true,"href":"https:\/\/sieuthi.mauwebwp.com\/sieuthi010\/wp-json\/wp\/v2\/product_cat?post=215"},{"taxonomy":"product_tag","embeddable":true,"href":"https:\/\/sieuthi.mauwebwp.com\/sieuthi010\/wp-json\/wp\/v2\/product_tag?post=215"}],"curies":[{"name":"wp","href":"https:\/\/api.w.org\/{rel}","templated":true}]}}