{"id":209,"date":"2019-11-15T09:57:07","date_gmt":"2019-11-15T02:57:07","guid":{"rendered":"http:\/\/localhost\/w1\/?post_type=product&#038;p=209"},"modified":"2019-12-06T11:17:17","modified_gmt":"2019-12-06T04:17:17","slug":"edubin-education-lms-wordpress-theme","status":"publish","type":"product","link":"https:\/\/sieuthi.mauwebwp.com\/sieuthi010\/san-pham\/edubin-education-lms-wordpress-theme\/","title":{"rendered":"Edubin &#8211; Education LMS WordPress Theme"},"content":{"rendered":"<p>Theme WordPress gi\u00e1o d\u1ee5c, tr\u01b0\u1eddng h\u1ecdc \u0111\u1eb9p tuy\u1ec7t v\u1eddi &#8211; Edubin &#8211; Education LMS WordPress Theme<\/p>\n<p><strong>Edubin<\/strong>\u00a0is one of the best Education LMS WordPress Theme perfect for Sell Online Courses, University, College, School, Training Center, E-Learning, &amp; Other Institutes. Edubin is a complete education solution with all features and functionalities. It is built with drag and drop Elementor Page Builder. By using this theme possible to build the website for any type of the educational institute. This education theme supported LearnDash and LernPress two popular LMS plugins. Also, this theme has Event Calender, Event Registration, WooCommerce Shop and more features.<\/p>\n<p>Edubin Education WordPress theme is developed as a Learning Management System for Courses Listing Platform like Udemy, Coursera, Edx, Training Center, Courses Hub, language school, eLearning Business, learning courses, music education school, dance academy and driving school College, Academy, University or School.<\/p>\n<p>Edubin &#8211; Education LMS WordPress Theme l\u00e0 m\u1ed9t LMS (Learning Management System) wordpress theme. N\u00f3 th\u00edch h\u1ee3p cho c\u00e1c tr\u01b0\u1eddng h\u1ecdc, \u0111\u1ea1i h\u1ecdc, cao \u0111\u1eb3ng, gi\u00e1o d\u1ee5c vv .. Ch\u1ee7 \u0111\u1ec1 n\u00e0y \u0111\u01b0\u1ee3c thi\u1ebft k\u1ebf \u0111\u1eb7c bi\u1ec7t \u0111\u1ec3 t\u1ea1o v\u00e0 b\u00e1n c\u00e1c kh\u00f3a h\u1ecdc. B\u1ea1n c\u00f3 th\u1ec3 b\u00e1n c\u1ea3 kh\u00f3a h\u1ecdc tr\u1ef1c tuy\u1ebfn.<\/p>\n<p>\u0110\u1ed1i v\u1edbi tuy\u1ebfn, m\u1ed7i kh\u00f3a h\u1ecdc c\u00f3 th\u1ec3 \u0111\u01b0\u1ee3c t\u00e1ch bi\u1ec7t th\u00e0nh ph\u1ea7n \/ ph\u1ea7n v\u00e0 b\u1ea1n c\u0169ng c\u00f3 th\u1ec3 t\u1ea1o ra c\u00e1c b\u00e0i ki\u1ec3m tra tr\u1ef1c tuy\u1ebfn \u0111\u1ec3 \u0111\u00e1nh gi\u00e1 ng\u01b0\u1eddi h\u1ecdc.<\/p>\n<p>V\u1ec1 thanh to\u00e1n, ng\u01b0\u1eddi h\u1ecdc c\u00f3 th\u1ec3 ch\u1ecdn thanh to\u00e1n b\u1eb1ng Paypal, Stripe, PayMill ho\u1eb7c Authorized.net tr\u1ef1c ti\u1ebfp ho\u1eb7c h\u1ecd c\u00f3 th\u1ec3 ch\u1ecdn \u0111\u1ec3 chuy\u1ec3n b\u1edfi kh\u00e1c ph\u01b0\u01a1ng ph\u00e1p (Admin c\u00f3 th\u1ec3 cung c\u1ea5p c\u00e1c ph\u01b0\u01a1ng ph\u00e1p kh\u00e1c nh\u01b0 chuy\u1ec3n kho\u1ea3n ng\u00e2n h\u00e0ng) sau \u0111\u00f3 h\u1ecdc vi\u00ean s\u1ebd c\u00f3 m\u1ed9t b\u00e0i n\u1ed9p trong backend n\u1ed9p b\u1eb1ng ch\u1ee9ng thanh to\u00e1n (Chuy\u1ec3n kho\u1ea3n ng\u00e2n h\u00e0ng). Sau khi h\u1ecdc tr\u00ecnh, admin c\u00f3 th\u1ec3 ki\u1ec3m tra c\u00e1c b\u1eb1ng ch\u1ee9ng trong backend c\u1ee7a admin v\u00e0 ph\u00ea duy\u1ec7t ho\u1eb7c t\u1eeb ch\u1ed1i n\u1ed9p sau.<\/p>\n<p>\u0110\u1ed1i v\u1edbi kh\u00f3a h\u1ecdc trong khu\u00f4n vi\u00ean, ng\u01b0\u1eddi h\u1ecdc c\u00f3 th\u1ec3 \u0111i\u1ec1n v\u00e0o s\u1ed1 l\u01b0\u1ee3ng g\u00f3i trong tr\u01b0\u1eddng h\u1ee3p mua cho b\u1ea1n b\u00e8. Sau khi mua, ng\u01b0\u1eddi h\u1ecdc s\u1ebd nh\u1eadn \u0111\u01b0\u1ee3c m\u00e3 s\u1ed1 tham chi\u1ebfu m\u00e0 \u0111\u01b0\u1ee3c s\u1eed d\u1ee5ng \u0111\u1ec3 h\u01b0\u1edbng d\u1eabn \u0111\u1ec3 so s\u00e1nh v\u1edbi k\u1ef7 l\u1ee5c trong ng\u00e0y h\u1ecdc.<\/p>\n","protected":false},"excerpt":{"rendered":"<p>Theme Wordpress gi\u00e1o d\u1ee5c, tr\u01b0\u1eddng h\u1ecdc \u0111\u1eb9p tuy\u1ec7t v\u1eddi &#8211; Edubin &#8211; Education LMS WordPress Theme<\/p>\n","protected":false},"featured_media":898,"comment_status":"open","ping_status":"closed","template":"","meta":[],"product_cat":[17],"product_tag":[],"_links":{"self":[{"href":"https:\/\/sieuthi.mauwebwp.com\/sieuthi010\/wp-json\/wp\/v2\/product\/209"}],"collection":[{"href":"https:\/\/sieuthi.mauwebwp.com\/sieuthi010\/wp-json\/wp\/v2\/product"}],"about":[{"href":"https:\/\/sieuthi.mauwebwp.com\/sieuthi010\/wp-json\/wp\/v2\/types\/product"}],"replies":[{"embeddable":true,"href":"https:\/\/sieuthi.mauwebwp.com\/sieuthi010\/wp-json\/wp\/v2\/comments?post=209"}],"wp:featuredmedia":[{"embeddable":true,"href":"https:\/\/sieuthi.mauwebwp.com\/sieuthi010\/wp-json\/wp\/v2\/media\/898"}],"wp:attachment":[{"href":"https:\/\/sieuthi.mauwebwp.com\/sieuthi010\/wp-json\/wp\/v2\/media?parent=209"}],"wp:term":[{"taxonomy":"product_cat","embeddable":true,"href":"https:\/\/sieuthi.mauwebwp.com\/sieuthi010\/wp-json\/wp\/v2\/product_cat?post=209"},{"taxonomy":"product_tag","embeddable":true,"href":"https:\/\/sieuthi.mauwebwp.com\/sieuthi010\/wp-json\/wp\/v2\/product_tag?post=209"}],"curies":[{"name":"wp","href":"https:\/\/api.w.org\/{rel}","templated":true}]}}