{"id":207,"date":"2019-11-15T09:55:51","date_gmt":"2019-11-15T02:55:51","guid":{"rendered":"http:\/\/localhost\/w1\/?post_type=product&#038;p=207"},"modified":"2019-12-06T11:56:33","modified_gmt":"2019-12-06T04:56:33","slug":"astra-wordpress-theme","status":"publish","type":"product","link":"https:\/\/sieuthi.mauwebwp.com\/sieuthi010\/san-pham\/astra-wordpress-theme\/","title":{"rendered":"Astra WordPress Theme"},"content":{"rendered":"<h2>Astra WordPress Theme<\/h2>\n<hr \/>\n<p>\u0110\u00e2y l\u00e0 m\u1ed9t trong nh\u1eefng\u00a0theme mi\u1ec5n ph\u00ed tr\u00ean WordPress.org\u00a0v\u1edbi\u00a0<strong>300.000+<\/strong>\u00a0l\u01b0\u1ee3t t\u1ea3i v\u1edbi\u00a0<strong>1.800<\/strong>\u00a0vote\u00a0<strong>5*<\/strong><\/p>\n<p>Astra l\u00e0 theme ph\u00f9 h\u1ee3p \u0111\u1ec3 t\u1ea1o blog c\u00e1 nh\u00e2n, portfolio, business website v\u00e0 shop b\u00e1n h\u00e0ng.<\/p>\n<p>Astra \u0111\u01b0\u1ee3c \u0111\u00e1nh gi\u00e1 l\u00e0 nh\u1eb9, d\u1ec5 d\u00e0ng t\u00f9y bi\u1ebfn, v\u00e0 r\u1ea5t \u0111\u1eb9p.<\/p>\n<p>T\u01b0\u01a1ng th\u00edch v\u1edbi c\u00e1c page builder n\u1ed5i ti\u1ebfng nh\u01b0:\u00a0Elementor Pro,\u00a0Beaver Builder,\u00a0WPBakery,<\/p>\n<p>Astra +\u00a0Elementor Pro\u00a0s\u1ebd l\u00e0 b\u1ed9 \u0111\u00f4i ho\u00e0n h\u1ea3o \u0111\u1ec3 b\u1ea1n t\u00f9y bi\u1ebfn, v\u00e0 x\u00e2y d\u1ef1ng m\u1ecdi th\u1ee9 b\u1ea1n y\u00eau th\u00edch.<\/p>\n","protected":false},"excerpt":{"rendered":"<p>Astra WordPress Theme \u0110\u00e2y l\u00e0 m\u1ed9t trong nh\u1eefng\u00a0theme mi\u1ec5n ph\u00ed tr\u00ean WordPress.org\u00a0v\u1edbi\u00a0300.000+\u00a0l\u01b0\u1ee3t t\u1ea3i v\u1edbi\u00a01.800\u00a0vote\u00a05* Astra l\u00e0 theme ph\u00f9 h\u1ee3p \u0111\u1ec3 t\u1ea1o blog c\u00e1 nh\u00e2n, portfolio, business website v\u00e0 shop b\u00e1n h\u00e0ng. Astra \u0111\u01b0\u1ee3c \u0111\u00e1nh gi\u00e1 l\u00e0 nh\u1eb9, d\u1ec5 d\u00e0ng t\u00f9y bi\u1ebfn, v\u00e0 r\u1ea5t \u0111\u1eb9p. T\u01b0\u01a1ng th\u00edch v\u1edbi c\u00e1c page builder n\u1ed5i ti\u1ebfng nh\u01b0:\u00a0Elementor Pro,\u00a0Beaver Builder,\u00a0WPBakery, &#8230;<\/p>\n","protected":false},"featured_media":916,"comment_status":"open","ping_status":"closed","template":"","meta":[],"product_cat":[16],"product_tag":[],"_links":{"self":[{"href":"https:\/\/sieuthi.mauwebwp.com\/sieuthi010\/wp-json\/wp\/v2\/product\/207"}],"collection":[{"href":"https:\/\/sieuthi.mauwebwp.com\/sieuthi010\/wp-json\/wp\/v2\/product"}],"about":[{"href":"https:\/\/sieuthi.mauwebwp.com\/sieuthi010\/wp-json\/wp\/v2\/types\/product"}],"replies":[{"embeddable":true,"href":"https:\/\/sieuthi.mauwebwp.com\/sieuthi010\/wp-json\/wp\/v2\/comments?post=207"}],"wp:featuredmedia":[{"embeddable":true,"href":"https:\/\/sieuthi.mauwebwp.com\/sieuthi010\/wp-json\/wp\/v2\/media\/916"}],"wp:attachment":[{"href":"https:\/\/sieuthi.mauwebwp.com\/sieuthi010\/wp-json\/wp\/v2\/media?parent=207"}],"wp:term":[{"taxonomy":"product_cat","embeddable":true,"href":"https:\/\/sieuthi.mauwebwp.com\/sieuthi010\/wp-json\/wp\/v2\/product_cat?post=207"},{"taxonomy":"product_tag","embeddable":true,"href":"https:\/\/sieuthi.mauwebwp.com\/sieuthi010\/wp-json\/wp\/v2\/product_tag?post=207"}],"curies":[{"name":"wp","href":"https:\/\/api.w.org\/{rel}","templated":true}]}}