{"id":203,"date":"2019-11-15T09:52:59","date_gmt":"2019-11-15T02:52:59","guid":{"rendered":"http:\/\/localhost\/w1\/?post_type=product&#038;p=203"},"modified":"2019-12-06T11:47:56","modified_gmt":"2019-12-06T04:47:56","slug":"wp-rocket-make-wp-load-fast-in-a-few-clicks","status":"publish","type":"product","link":"https:\/\/sieuthi.mauwebwp.com\/sieuthi010\/san-pham\/wp-rocket-make-wp-load-fast-in-a-few-clicks\/","title":{"rendered":"WP Rocket \u2013 Make WP Load Fast in a Few Clicks"},"content":{"rendered":"<p><strong>WP Rocket<\/strong>\u00a0l\u00e0 m\u1ed9t trong nh\u1eefng plugin t\u1ed1t nh\u1ea5t hi\u1ec7n nay v\u1ec1 t\u0103ng t\u1ed1c \u0111\u1ed9 website. V\u1edbi h\u01a1n\u00a0<strong>269.000<\/strong>\u00a0website \u0111ang s\u1eed d\u1ee5ng, cho th\u1ea5y \u0111\u01b0\u1ee3c s\u1ee9c m\u1ea1nh tuy\u1ec7t v\u1eddi c\u1ee7a plugin n\u00e0y.<\/p>\n<p>\u0110i\u1ec3m n\u1ed5i b\u1eadt c\u1ee7a plugin n\u00e0y ch\u00ednh l\u00e0:\u00a0<strong>AI C\u0168NG C\u00d3 TH\u1ec2 D\u00d9NG \u0110\u01af\u1ee2C<\/strong><\/p>\n<p>Ch\u1ec9 vi\u1ec7c c\u00e0i \u0111\u1eb7t v\u00e0 ch\u1ea1y setup wizard l\u00e0 b\u1ea1n \u0111\u00e3 c\u00f3 th\u1ec3 t\u0103ng t\u1ed1c \u0111\u1ed9 load website l\u00ean \u0111\u00e1ng k\u1ec3.<\/p>\n<p>\u0110\u1ed9i ng\u0169 ph\u00e1t tri\u1ec3n c\u0169ng lu\u00f4n quan t\u00e2m, v\u00e0 c\u1eadp nh\u1eadt c\u00e1c t\u00ednh n\u0103ng cho WP-Rocket<\/p>\n<p>Hi\u1ec7n m\u00ecnh \u0111\u00e1nh gi\u00e1 n\u00f3 l\u00e0 plugin t\u0103ng t\u1ed1c \u1ed5n \u0111\u1ecbnh v\u00e0 hi\u1ec7u qu\u1ea3, \u0111\u00e1ng d\u00fang nh\u1ea5t hi\u1ec7n nay.<\/p>\n<p><strong>C\u00e1c t\u00ednh n\u0103ng n\u1ed5i b\u1eadt:<\/strong><\/p>\n<ul>\n<li>Quick Setup<\/li>\n<li>Page Caching<\/li>\n<li>Cache Preloading<\/li>\n<li>Sitemap Preloading<\/li>\n<li>GZIP Compression<\/li>\n<li>Browser Caching<\/li>\n<li>Database Optimization<\/li>\n<li>Google Fonts Optimization<\/li>\n<li>Remove Query Strings from Static Resources<\/li>\n<li>Lazyload<\/li>\n<li>Minification<\/li>\n<li>Defer JS Loading<\/li>\n<li>T\u01b0\u01a1ng th\u00edch v\u1edbi CloudFlare<\/li>\n<li>T\u01b0\u01a1ng th\u00edch v\u1edbi Multisite<\/li>\n<li>T\u01b0\u01a1ng th\u00edch Multilingual<\/li>\n<\/ul>\n","protected":false},"excerpt":{"rendered":"<p>WP Rocket\u00a0l\u00e0 m\u1ed9t trong nh\u1eefng plugin t\u1ed1t nh\u1ea5t hi\u1ec7n nay v\u1ec1 t\u0103ng t\u1ed1c \u0111\u1ed9 website. V\u1edbi h\u01a1n\u00a0269.000\u00a0website \u0111ang s\u1eed d\u1ee5ng, cho th\u1ea5y \u0111\u01b0\u1ee3c s\u1ee9c m\u1ea1nh tuy\u1ec7t v\u1eddi c\u1ee7a plugin n\u00e0y. \u0110i\u1ec3m n\u1ed5i b\u1eadt c\u1ee7a plugin n\u00e0y ch\u00ednh l\u00e0:\u00a0AI C\u0168NG C\u00d3 TH\u1ec2 D\u00d9NG \u0110\u01af\u1ee2C Ch\u1ec9 vi\u1ec7c c\u00e0i \u0111\u1eb7t v\u00e0 ch\u1ea1y setup wizard l\u00e0 b\u1ea1n \u0111\u00e3 c\u00f3 &#8230;<\/p>\n","protected":false},"featured_media":911,"comment_status":"open","ping_status":"closed","template":"","meta":[],"product_cat":[16],"product_tag":[],"_links":{"self":[{"href":"https:\/\/sieuthi.mauwebwp.com\/sieuthi010\/wp-json\/wp\/v2\/product\/203"}],"collection":[{"href":"https:\/\/sieuthi.mauwebwp.com\/sieuthi010\/wp-json\/wp\/v2\/product"}],"about":[{"href":"https:\/\/sieuthi.mauwebwp.com\/sieuthi010\/wp-json\/wp\/v2\/types\/product"}],"replies":[{"embeddable":true,"href":"https:\/\/sieuthi.mauwebwp.com\/sieuthi010\/wp-json\/wp\/v2\/comments?post=203"}],"wp:featuredmedia":[{"embeddable":true,"href":"https:\/\/sieuthi.mauwebwp.com\/sieuthi010\/wp-json\/wp\/v2\/media\/911"}],"wp:attachment":[{"href":"https:\/\/sieuthi.mauwebwp.com\/sieuthi010\/wp-json\/wp\/v2\/media?parent=203"}],"wp:term":[{"taxonomy":"product_cat","embeddable":true,"href":"https:\/\/sieuthi.mauwebwp.com\/sieuthi010\/wp-json\/wp\/v2\/product_cat?post=203"},{"taxonomy":"product_tag","embeddable":true,"href":"https:\/\/sieuthi.mauwebwp.com\/sieuthi010\/wp-json\/wp\/v2\/product_tag?post=203"}],"curies":[{"name":"wp","href":"https:\/\/api.w.org\/{rel}","templated":true}]}}