{"id":199,"date":"2019-11-15T09:50:19","date_gmt":"2019-11-15T02:50:19","guid":{"rendered":"http:\/\/localhost\/w1\/?post_type=product&#038;p=199"},"modified":"2019-12-06T11:23:14","modified_gmt":"2019-12-06T04:23:14","slug":"porto-responsive-wordpress-ecommerce-theme-co-key","status":"publish","type":"product","link":"https:\/\/sieuthi.mauwebwp.com\/sieuthi010\/san-pham\/porto-responsive-wordpress-ecommerce-theme-co-key\/","title":{"rendered":"Porto | Responsive WordPress + eCommerce Theme (C\u00f3 Key)"},"content":{"rendered":"<h3>Porto \u2013 Theme b\u00e1n h\u00e0ng \u0111a d\u1ea1ng nhi\u1ec1u l\u0129nh v\u1ef1c<\/h3>\n<p><a class=\"photolightbox\" title=\"Porto | Responsive WordPress + eCommerce Theme (C\u00f3 Key)\" href=\"http:\/\/localhost\/w1\/wp-content\/uploads\/2019\/11\/porto-responsive-wordpress-ecommerce-theme-co-key-199-5802.jpg\"><img class=\"aligncenter\" src=\"http:\/\/localhost\/w1\/wp-content\/uploads\/2019\/11\/porto-responsive-wordpress-ecommerce-theme-co-key-199-5802.jpg\" alt=\"Porto | Responsive WordPress + eCommerce Theme (C\u00f3 Key)\" \/><\/a><\/p>\n<p>M\u1eb7c d\u00f9 \u0111\u00e3 kh\u00e1 l\u00e2u \u0111\u1eddi, nh\u01b0ng Porto v\u1eabn l\u00e0 woocommerce theme \u0111\u01b0\u1ee3c y\u00eau th\u00edch.<\/p>\n<p>Sau nhi\u1ec1u c\u1ea3i ti\u1ebfn Porto l\u00e0 theme b\u00e1n h\u00e0ng \u0111a t\u00ednh n\u0103ng:<\/p>\n<ul>\n<li>Header Builder (drag and drop), mega menu, custom block..<\/li>\n<li>\u0110\u1eb7c bi\u1ec7t l\u00e0 sau nhi\u1ec1u c\u1ea3i ti\u1ebfn Porto \u0111\u00e3 kh\u00f4ng b\u1ecb g\u1eafn m\u00e1c \u201cN\u1eb6NG N\u1ec0\u201d n\u1eefa.<\/li>\n<li>C\u00e1c nh\u00e0 ph\u00e1t tri\u1ec3n \u0111\u1ec5 c\u1ed1 g\u1eafng l\u00e0m n\u00f3 nhanh h\u01a1n v\u00e0 nh\u1eb9 h\u01a1n x\u01b0a r\u1ea5t nhi\u1ec1u.<\/li>\n<li>V\u1edbi c\u00e1c b\u1ea1n th\u00edch ki\u1ec3u \u201cm\u00ec \u0103n li\u1ec1n\u201d, ch\u1ec9 c\u1ea7n c\u00e0i demo l\u00e0 c\u00f3 th\u1ec3 s\u1eed d\u1ee5ng \u0111\u01b0\u1ee3c ngay.<\/li>\n<li>Porto l\u00e0 s\u1ef1 l\u1ef1a ch\u1ecdn cho b\u1ea1n v\u1edbi <strong style=\"color: #555555; font-size: 14.4px;\">50+<\/strong><span style=\"color: #555555; font-size: 14.4px;\">\u00a0demo s\u1eb5n t\u1eeb m\u1ecdi l\u0129nh v\u1ef1c (woocommerce v\u1eabn l\u00e0 ch\u1ee7 y\u1ebfu).<\/span><\/li>\n<\/ul>\n","protected":false},"excerpt":{"rendered":"<p>Porto \u2013 Theme b\u00e1n h\u00e0ng \u0111a d\u1ea1ng nhi\u1ec1u l\u0129nh v\u1ef1c M\u1eb7c d\u00f9 \u0111\u00e3 kh\u00e1 l\u00e2u \u0111\u1eddi, nh\u01b0ng Porto v\u1eabn l\u00e0 woocommerce theme \u0111\u01b0\u1ee3c y\u00eau th\u00edch. Sau nhi\u1ec1u c\u1ea3i ti\u1ebfn Porto l\u00e0 theme b\u00e1n h\u00e0ng \u0111a t\u00ednh n\u0103ng: Header Builder (drag and drop), mega menu, custom block.. \u0110\u1eb7c bi\u1ec7t l\u00e0 sau nhi\u1ec1u c\u1ea3i ti\u1ebfn Porto \u0111\u00e3 &#8230;<\/p>\n","protected":false},"featured_media":897,"comment_status":"open","ping_status":"closed","template":"","meta":[],"product_cat":[17],"product_tag":[],"_links":{"self":[{"href":"https:\/\/sieuthi.mauwebwp.com\/sieuthi010\/wp-json\/wp\/v2\/product\/199"}],"collection":[{"href":"https:\/\/sieuthi.mauwebwp.com\/sieuthi010\/wp-json\/wp\/v2\/product"}],"about":[{"href":"https:\/\/sieuthi.mauwebwp.com\/sieuthi010\/wp-json\/wp\/v2\/types\/product"}],"replies":[{"embeddable":true,"href":"https:\/\/sieuthi.mauwebwp.com\/sieuthi010\/wp-json\/wp\/v2\/comments?post=199"}],"wp:featuredmedia":[{"embeddable":true,"href":"https:\/\/sieuthi.mauwebwp.com\/sieuthi010\/wp-json\/wp\/v2\/media\/897"}],"wp:attachment":[{"href":"https:\/\/sieuthi.mauwebwp.com\/sieuthi010\/wp-json\/wp\/v2\/media?parent=199"}],"wp:term":[{"taxonomy":"product_cat","embeddable":true,"href":"https:\/\/sieuthi.mauwebwp.com\/sieuthi010\/wp-json\/wp\/v2\/product_cat?post=199"},{"taxonomy":"product_tag","embeddable":true,"href":"https:\/\/sieuthi.mauwebwp.com\/sieuthi010\/wp-json\/wp\/v2\/product_tag?post=199"}],"curies":[{"name":"wp","href":"https:\/\/api.w.org\/{rel}","templated":true}]}}