{"id":1002,"date":"2019-12-07T12:15:05","date_gmt":"2019-12-07T05:15:05","guid":{"rendered":"http:\/\/localhost\/w1\/?post_type=product&#038;p=1002"},"modified":"2019-12-07T12:15:05","modified_gmt":"2019-12-07T05:15:05","slug":"theme-wordpress-tour-du-lich-mau-so-4","status":"publish","type":"product","link":"https:\/\/sieuthi.mauwebwp.com\/sieuthi010\/san-pham\/theme-wordpress-tour-du-lich-mau-so-4\/","title":{"rendered":"Theme WordPress tour du l\u1ecbch m\u1eabu s\u1ed1 4"},"content":{"rendered":"<p>Theme WordPress b\u00e1n tour du l\u1ecbch m\u1eabu s\u1ed1 4 \u0111\u00e3 Vi\u1ec7t h\u00f3a, thi\u1ebft k\u1ebf responsive, chu\u1ea9n SEO, load c\u1ef1c nhanh. Form \u0111\u0103ng k\u00fd \u0111\u1eb7t tour ti\u1ec7n l\u1ee3i<\/p>\n","protected":false},"excerpt":{"rendered":"<p>Theme WordPress b\u00e1n tour du l\u1ecbch m\u1eabu s\u1ed1 4 \u0111\u00e3 Vi\u1ec7t h\u00f3a, thi\u1ebft k\u1ebf responsive, chu\u1ea9n SEO, load c\u1ef1c nhanh. Form \u0111\u0103ng k\u00fd \u0111\u1eb7t tour ti\u1ec7n l\u1ee3i<\/p>\n","protected":false},"featured_media":1004,"comment_status":"open","ping_status":"closed","template":"","meta":[],"product_cat":[17],"product_tag":[33],"_links":{"self":[{"href":"https:\/\/sieuthi.mauwebwp.com\/sieuthi010\/wp-json\/wp\/v2\/product\/1002"}],"collection":[{"href":"https:\/\/sieuthi.mauwebwp.com\/sieuthi010\/wp-json\/wp\/v2\/product"}],"about":[{"href":"https:\/\/sieuthi.mauwebwp.com\/sieuthi010\/wp-json\/wp\/v2\/types\/product"}],"replies":[{"embeddable":true,"href":"https:\/\/sieuthi.mauwebwp.com\/sieuthi010\/wp-json\/wp\/v2\/comments?post=1002"}],"wp:featuredmedia":[{"embeddable":true,"href":"https:\/\/sieuthi.mauwebwp.com\/sieuthi010\/wp-json\/wp\/v2\/media\/1004"}],"wp:attachment":[{"href":"https:\/\/sieuthi.mauwebwp.com\/sieuthi010\/wp-json\/wp\/v2\/media?parent=1002"}],"wp:term":[{"taxonomy":"product_cat","embeddable":true,"href":"https:\/\/sieuthi.mauwebwp.com\/sieuthi010\/wp-json\/wp\/v2\/product_cat?post=1002"},{"taxonomy":"product_tag","embeddable":true,"href":"https:\/\/sieuthi.mauwebwp.com\/sieuthi010\/wp-json\/wp\/v2\/product_tag?post=1002"}],"curies":[{"name":"wp","href":"https:\/\/api.w.org\/{rel}","templated":true}]}}